{"id":1929,"date":"2023-05-15T09:34:23","date_gmt":"2023-05-15T09:34:23","guid":{"rendered":"https:\/\/tierschutznordwestschweiz.ch\/note-restructuration\/"},"modified":"2024-08-16T11:49:59","modified_gmt":"2024-08-16T11:49:59","slug":"note-restructuration","status":"publish","type":"page","link":"https:\/\/tierschutznordwestschweiz.ch\/fr\/note-restructuration\/","title":{"rendered":"Note Restructuration"},"content":{"rendered":"\t\t<div data-elementor-type=\"wp-page\" data-elementor-id=\"1929\" class=\"elementor elementor-1929 elementor-818\" data-elementor-post-type=\"page\">\n\t\t\t\t\t\t<section class=\"elementor-section elementor-top-section elementor-element elementor-element-1e0823b0 elementor-section-height-min-height elementor-section-items-stretch elementor-section-content-middle elementor-section-boxed elementor-section-height-default\" data-id=\"1e0823b0\" data-element_type=\"section\">\n\t\t\t\t\t\t<div class=\"elementor-container elementor-column-gap-no\">\n\t\t\t\t\t<div class=\"elementor-column elementor-col-100 elementor-top-column elementor-element elementor-element-3a03398f\" data-id=\"3a03398f\" data-element_type=\"column\">\n\t\t\t<div class=\"elementor-widget-wrap elementor-element-populated\">\n\t\t\t\t\t\t<section class=\"elementor-section elementor-inner-section elementor-element elementor-element-6ce79b51 elementor-section-full_width elementor-section-height-min-height elementor-section-height-default\" data-id=\"6ce79b51\" data-element_type=\"section\" data-settings=\"{&quot;background_background&quot;:&quot;classic&quot;,&quot;motion_fx_motion_fx_scrolling&quot;:&quot;yes&quot;,&quot;motion_fx_translateY_effect&quot;:&quot;yes&quot;,&quot;motion_fx_translateY_direction&quot;:&quot;negative&quot;,&quot;motion_fx_translateY_speed&quot;:{&quot;unit&quot;:&quot;px&quot;,&quot;size&quot;:&quot;1&quot;,&quot;sizes&quot;:[]},&quot;motion_fx_devices&quot;:[&quot;desktop&quot;,&quot;tablet&quot;],&quot;motion_fx_translateY_affectedRange&quot;:{&quot;unit&quot;:&quot;%&quot;,&quot;size&quot;:&quot;&quot;,&quot;sizes&quot;:{&quot;start&quot;:0,&quot;end&quot;:100}}}\">\n\t\t\t\t\t\t<div class=\"elementor-container elementor-column-gap-no\">\n\t\t\t\t\t<div class=\"elementor-column elementor-col-100 elementor-inner-column elementor-element elementor-element-12906715\" data-id=\"12906715\" data-element_type=\"column\" data-settings=\"{&quot;background_background&quot;:&quot;classic&quot;}\">\n\t\t\t<div class=\"elementor-widget-wrap elementor-element-populated\">\n\t\t\t\t\t\t<div class=\"elementor-element elementor-element-1435c127 elementor-widget elementor-widget-heading\" data-id=\"1435c127\" data-element_type=\"widget\" data-widget_type=\"heading.default\">\n\t\t\t\t<div class=\"elementor-widget-container\">\n\t\t\t<style>\/*! elementor - v3.23.0 - 05-08-2024 *\/\n.elementor-heading-title{padding:0;margin:0;line-height:1}.elementor-widget-heading .elementor-heading-title[class*=elementor-size-]>a{color:inherit;font-size:inherit;line-height:inherit}.elementor-widget-heading .elementor-heading-title.elementor-size-small{font-size:15px}.elementor-widget-heading .elementor-heading-title.elementor-size-medium{font-size:19px}.elementor-widget-heading .elementor-heading-title.elementor-size-large{font-size:29px}.elementor-widget-heading .elementor-heading-title.elementor-size-xl{font-size:39px}.elementor-widget-heading .elementor-heading-title.elementor-size-xxl{font-size:59px}<\/style><h1 class=\"elementor-heading-title elementor-size-default\">Chers amis des animaux,<\/h1>\t\t<\/div>\n\t\t\t\t<\/div>\n\t\t\t\t<div class=\"elementor-element elementor-element-4bf9e286 elementor-widget elementor-widget-text-editor\" data-id=\"4bf9e286\" data-element_type=\"widget\" data-widget_type=\"text-editor.default\">\n\t\t\t\t<div class=\"elementor-widget-container\">\n\t\t\t<style>\/*! elementor - v3.23.0 - 05-08-2024 *\/\n.elementor-widget-text-editor.elementor-drop-cap-view-stacked .elementor-drop-cap{background-color:#69727d;color:#fff}.elementor-widget-text-editor.elementor-drop-cap-view-framed .elementor-drop-cap{color:#69727d;border:3px solid;background-color:transparent}.elementor-widget-text-editor:not(.elementor-drop-cap-view-default) .elementor-drop-cap{margin-top:8px}.elementor-widget-text-editor:not(.elementor-drop-cap-view-default) .elementor-drop-cap-letter{width:1em;height:1em}.elementor-widget-text-editor .elementor-drop-cap{float:left;text-align:center;line-height:1;font-size:50px}.elementor-widget-text-editor .elementor-drop-cap-letter{display:inline-block}<\/style>\t\t\t\t<p>Nous tenons \u00e0 vous informer que nos pages projets sont en cours de restructuration et de mise \u00e0 jour afin de vous fournir \u00e0 l&rsquo;avenir des informations encore plus compl\u00e8tes et actualis\u00e9es sur nos projets de protection des animaux.<\/p>\n<p>Pendant cette phase de transformation, nous vous prions de bien vouloir comprendre que vous ne pourrez temporairement pas acc\u00e9der \u00e0 tous les contenus.<br \/>\nNotre objectif est de vous offrir une plateforme am\u00e9lior\u00e9e et plus conviviale, qui vous permettra de mieux suivre nos activit\u00e9s de protection des animaux et de vous informer plus en profondeur sur les projets qui vous int\u00e9ressent le plus. <\/p>\n<p>Nous travaillons d&rsquo;arrache-pied pour terminer les travaux le plus rapidement possible.<br \/>\nVous retrouverez bient\u00f4t toutes les informations sur nos projets et initiatives. <\/p>\n<p>En attendant, nous vous invitons \u00e0 nous suivre sur nos canaux de m\u00e9dias sociaux, o\u00f9 nous partageons r\u00e9guli\u00e8rement des mises \u00e0 jour et des nouvelles.<br \/>\nSi vous avez des questions ou si vous avez besoin de plus d&rsquo;informations, n&rsquo;h\u00e9sitez pas \u00e0 nous contacter. <\/p>\n<p>Nous vous remercions de votre patience et de votre compr\u00e9hension en cette p\u00e9riode de changement.<br \/>\nEnsemble, nous ferons la diff\u00e9rence pour le bien-\u00eatre de nos amis les b\u00eates. <\/p>\n<p>Avec nos salutations les plus cordiales,<\/p>\n<p>Votre \u00e9quipe Tierschutz Aargau<\/p>\n\t\t\t\t\t\t<\/div>\n\t\t\t\t<\/div>\n\t\t\t\t<div class=\"elementor-element elementor-element-50f552ae elementor-widget elementor-widget-button\" data-id=\"50f552ae\" data-element_type=\"widget\" data-widget_type=\"button.default\">\n\t\t\t\t<div class=\"elementor-widget-container\">\n\t\t\t\t\t<div class=\"elementor-button-wrapper\">\n\t\t\t<a class=\"elementor-button elementor-button-link elementor-size-sm\" href=\"https:\/\/tierschutznordwestschweiz.ch\/projekte\/\">\n\t\t\t\t\t\t<span class=\"elementor-button-content-wrapper\">\n\t\t\t\t\t\t\t\t\t<span class=\"elementor-button-text\">retour \u00e0 la VUE D'ENSEMBLE \u27f6<\/span>\n\t\t\t\t\t<\/span>\n\t\t\t\t\t<\/a>\n\t\t<\/div>\n\t\t\t\t<\/div>\n\t\t\t\t<\/div>\n\t\t\t\t\t<\/div>\n\t\t<\/div>\n\t\t\t\t\t<\/div>\n\t\t<\/section>\n\t\t\t\t<div class=\"elementor-element elementor-element-4e5fe63a elementor-widget__width-initial elementor-absolute elementor-widget-tablet__width-initial elementor-widget-mobile__width-inherit elementor-widget elementor-widget-image\" data-id=\"4e5fe63a\" data-element_type=\"widget\" data-settings=\"{&quot;_position&quot;:&quot;absolute&quot;,&quot;motion_fx_motion_fx_scrolling&quot;:&quot;yes&quot;,&quot;motion_fx_translateY_effect&quot;:&quot;yes&quot;,&quot;motion_fx_translateY_speed&quot;:{&quot;unit&quot;:&quot;px&quot;,&quot;size&quot;:&quot;0.5&quot;,&quot;sizes&quot;:[]},&quot;motion_fx_devices&quot;:[&quot;desktop&quot;,&quot;tablet&quot;],&quot;motion_fx_translateY_affectedRange&quot;:{&quot;unit&quot;:&quot;%&quot;,&quot;size&quot;:&quot;&quot;,&quot;sizes&quot;:{&quot;start&quot;:0,&quot;end&quot;:100}}}\" data-widget_type=\"image.default\">\n\t\t\t\t<div class=\"elementor-widget-container\">\n\t\t\t<style>\/*! elementor - v3.23.0 - 05-08-2024 *\/\n.elementor-widget-image{text-align:center}.elementor-widget-image a{display:inline-block}.elementor-widget-image a img[src$=\".svg\"]{width:48px}.elementor-widget-image img{vertical-align:middle;display:inline-block}<\/style>\t\t\t\t\t\t\t\t\t\t<img fetchpriority=\"high\" decoding=\"async\" width=\"800\" height=\"800\" src=\"https:\/\/tierschutznordwestschweiz.ch\/wp-content\/uploads\/2023\/05\/Restrukturierung-1024x1024.jpg\" class=\"attachment-large size-large wp-image-824\" alt=\"\" srcset=\"https:\/\/tierschutznordwestschweiz.ch\/wp-content\/uploads\/2023\/05\/Restrukturierung-1024x1024.jpg 1024w, https:\/\/tierschutznordwestschweiz.ch\/wp-content\/uploads\/2023\/05\/Restrukturierung-300x300.jpg 300w, https:\/\/tierschutznordwestschweiz.ch\/wp-content\/uploads\/2023\/05\/Restrukturierung-150x150.jpg 150w, https:\/\/tierschutznordwestschweiz.ch\/wp-content\/uploads\/2023\/05\/Restrukturierung-768x768.jpg 768w, https:\/\/tierschutznordwestschweiz.ch\/wp-content\/uploads\/2023\/05\/Restrukturierung-1536x1536.jpg 1536w, https:\/\/tierschutznordwestschweiz.ch\/wp-content\/uploads\/2023\/05\/Restrukturierung.jpg 1792w\" sizes=\"(max-width: 800px) 100vw, 800px\" \/>\t\t\t\t\t\t\t\t\t\t\t\t\t<\/div>\n\t\t\t\t<\/div>\n\t\t\t\t\t<\/div>\n\t\t<\/div>\n\t\t\t\t\t<\/div>\n\t\t<\/section>\n\t\t\t\t<\/div>\n\t\t","protected":false},"excerpt":{"rendered":"<p>Chers amis des animaux, Nous tenons \u00e0 vous informer que nos pages projets sont en cours de restructuration et de mise \u00e0 jour afin de vous fournir \u00e0 l&rsquo;avenir des informations encore plus compl\u00e8tes et actualis\u00e9es sur nos projets de protection des animaux. Pendant cette phase de transformation, nous vous prions de bien vouloir comprendre [&hellip;]<\/p>\n","protected":false},"author":1,"featured_media":0,"parent":0,"menu_order":0,"comment_status":"closed","ping_status":"closed","template":"elementor_header_footer","meta":{"footnotes":""},"class_list":["post-1929","page","type-page","status-publish","hentry"],"_links":{"self":[{"href":"https:\/\/tierschutznordwestschweiz.ch\/fr\/wp-json\/wp\/v2\/pages\/1929","targetHints":{"allow":["GET"]}}],"collection":[{"href":"https:\/\/tierschutznordwestschweiz.ch\/fr\/wp-json\/wp\/v2\/pages"}],"about":[{"href":"https:\/\/tierschutznordwestschweiz.ch\/fr\/wp-json\/wp\/v2\/types\/page"}],"author":[{"embeddable":true,"href":"https:\/\/tierschutznordwestschweiz.ch\/fr\/wp-json\/wp\/v2\/users\/1"}],"replies":[{"embeddable":true,"href":"https:\/\/tierschutznordwestschweiz.ch\/fr\/wp-json\/wp\/v2\/comments?post=1929"}],"version-history":[{"count":1,"href":"https:\/\/tierschutznordwestschweiz.ch\/fr\/wp-json\/wp\/v2\/pages\/1929\/revisions"}],"predecessor-version":[{"id":1930,"href":"https:\/\/tierschutznordwestschweiz.ch\/fr\/wp-json\/wp\/v2\/pages\/1929\/revisions\/1930"}],"wp:attachment":[{"href":"https:\/\/tierschutznordwestschweiz.ch\/fr\/wp-json\/wp\/v2\/media?parent=1929"}],"curies":[{"name":"wp","href":"https:\/\/api.w.org\/{rel}","templated":true}]}}