{"id":1927,"date":"2024-03-18T13:26:39","date_gmt":"2024-03-18T13:26:39","guid":{"rendered":"https:\/\/tierschutznordwestschweiz.ch\/espace-dons-2\/"},"modified":"2024-08-16T11:49:57","modified_gmt":"2024-08-16T11:49:57","slug":"espace-dons-2","status":"publish","type":"page","link":"https:\/\/tierschutznordwestschweiz.ch\/fr\/espace-dons-2\/","title":{"rendered":"Espace dons"},"content":{"rendered":"\t\t<div data-elementor-type=\"wp-page\" data-elementor-id=\"1927\" class=\"elementor elementor-1927 elementor-1201\" data-elementor-post-type=\"page\">\n\t\t\t\t\t\t<section class=\"elementor-section elementor-top-section elementor-element elementor-element-4a62775e elementor-section-boxed elementor-section-height-default elementor-section-height-default\" data-id=\"4a62775e\" data-element_type=\"section\">\n\t\t\t\t\t\t<div class=\"elementor-container elementor-column-gap-no\">\n\t\t\t\t\t<div class=\"elementor-column elementor-col-100 elementor-top-column elementor-element elementor-element-86643e1\" data-id=\"86643e1\" data-element_type=\"column\">\n\t\t\t<div class=\"elementor-widget-wrap elementor-element-populated\">\n\t\t\t\t\t\t<div class=\"elementor-element elementor-element-29c9f3e elementor-widget elementor-widget-heading\" data-id=\"29c9f3e\" data-element_type=\"widget\" data-widget_type=\"heading.default\">\n\t\t\t\t<div class=\"elementor-widget-container\">\n\t\t\t<style>\/*! elementor - v3.23.0 - 05-08-2024 *\/\n.elementor-heading-title{padding:0;margin:0;line-height:1}.elementor-widget-heading .elementor-heading-title[class*=elementor-size-]>a{color:inherit;font-size:inherit;line-height:inherit}.elementor-widget-heading .elementor-heading-title.elementor-size-small{font-size:15px}.elementor-widget-heading .elementor-heading-title.elementor-size-medium{font-size:19px}.elementor-widget-heading .elementor-heading-title.elementor-size-large{font-size:29px}.elementor-widget-heading .elementor-heading-title.elementor-size-xl{font-size:39px}.elementor-widget-heading .elementor-heading-title.elementor-size-xxl{font-size:59px}<\/style><h1 class=\"elementor-heading-title elementor-size-default\">Espace dons<\/h1>\t\t<\/div>\n\t\t\t\t<\/div>\n\t\t\t\t<div class=\"elementor-element elementor-element-9f2ebe3 elementor-view-default elementor-widget elementor-widget-icon\" data-id=\"9f2ebe3\" data-element_type=\"widget\" data-widget_type=\"icon.default\">\n\t\t\t\t<div class=\"elementor-widget-container\">\n\t\t\t\t\t<div class=\"elementor-icon-wrapper\">\n\t\t\t<div class=\"elementor-icon\">\n\t\t\t<svg xmlns=\"http:\/\/www.w3.org\/2000\/svg\" xmlns:xlink=\"http:\/\/www.w3.org\/1999\/xlink\" id=\"Layer_1\" x=\"0px\" y=\"0px\" viewBox=\"0 0 1024 1024\" style=\"enable-background:new 0 0 1024 1024;\" xml:space=\"preserve\"><style type=\"text\/css\">\t.st0{fill:#FF2E2E;}\t.st1{fill:#FFFFFF;}\t.st2{font-family:'PTSans-Bold';}\t.st3{font-size:175px;}<\/style><g>\t<path class=\"st0\" d=\"M512,1023.5c-69,0-136-13.5-199.1-40.2c-60.9-25.8-115.6-62.6-162.6-109.6c-47-47-83.9-101.7-109.6-162.6  C14.1,648,0.5,581,0.5,512s13.5-136,40.2-199.1c25.8-60.9,62.6-115.6,109.6-162.6c47-47,101.7-83.9,162.6-109.6  C376,14.1,443,0.5,512,0.5s136,13.5,199.1,40.2c60.9,25.8,115.6,62.6,162.6,109.6c47,47,83.9,101.7,109.6,162.6  c26.7,63.1,40.2,130,40.2,199.1s-13.5,136-40.2,199.1c-25.8,60.9-62.6,115.6-109.6,162.6c-47,47-101.7,83.9-162.6,109.6  C648,1009.9,581,1023.5,512,1023.5z\"><\/path>\t<path class=\"st0\" d=\"M512,1.1c69,0,135.9,13.5,198.9,40.2c60.8,25.7,115.5,62.6,162.4,109.5s83.8,101.6,109.5,162.4  c26.6,63,40.2,129.9,40.2,198.9s-13.5,135.9-40.2,198.9c-25.7,60.8-62.6,115.5-109.5,162.4s-101.6,83.8-162.4,109.5  c-63,26.6-129.9,40.2-198.9,40.2s-135.9-13.5-198.9-40.2c-60.8-25.7-115.5-62.6-162.4-109.5S66.9,771.7,41.2,710.9  C14.6,647.9,1.1,581,1.1,512s13.5-135.9,40.2-198.9c25.7-60.8,62.6-115.5,109.5-162.4S252.3,66.9,313.1,41.2  C376.1,14.6,443,1.1,512,1.1 M512,0C229.2,0,0,229.2,0,512s229.2,512,512,512s512-229.2,512-512S794.8,0,512,0L512,0z\"><\/path><\/g><text transform=\"matrix(0.9817 -0.1904 0.1904 0.9817 199.1821 497.6763)\"><tspan x=\"0\" y=\"0\" class=\"st1 st2 st3\">offiziell <\/tspan><tspan x=\"-177.7\" y=\"210\" class=\"st1 st2 st3\">steuerbefreit<\/tspan><\/text><\/svg>\t\t\t<\/div>\n\t\t<\/div>\n\t\t\t\t<\/div>\n\t\t\t\t<\/div>\n\t\t\t\t<div class=\"elementor-element elementor-element-f177e7 elementor-widget elementor-widget-heading\" data-id=\"f177e7\" data-element_type=\"widget\" data-widget_type=\"heading.default\">\n\t\t\t\t<div class=\"elementor-widget-container\">\n\t\t\t<h2 class=\"elementor-heading-title elementor-size-default\">Une aide qui arrive \u00e0 destination : pour les animaux du nord-ouest de la Suisse.<\/h2>\t\t<\/div>\n\t\t\t\t<\/div>\n\t\t\t\t<div class=\"elementor-element elementor-element-161805ae elementor-widget elementor-widget-text-editor\" data-id=\"161805ae\" data-element_type=\"widget\" data-widget_type=\"text-editor.default\">\n\t\t\t\t<div class=\"elementor-widget-container\">\n\t\t\t<style>\/*! elementor - v3.23.0 - 05-08-2024 *\/\n.elementor-widget-text-editor.elementor-drop-cap-view-stacked .elementor-drop-cap{background-color:#69727d;color:#fff}.elementor-widget-text-editor.elementor-drop-cap-view-framed .elementor-drop-cap{color:#69727d;border:3px solid;background-color:transparent}.elementor-widget-text-editor:not(.elementor-drop-cap-view-default) .elementor-drop-cap{margin-top:8px}.elementor-widget-text-editor:not(.elementor-drop-cap-view-default) .elementor-drop-cap-letter{width:1em;height:1em}.elementor-widget-text-editor .elementor-drop-cap{float:left;text-align:center;line-height:1;font-size:50px}.elementor-widget-text-editor .elementor-drop-cap-letter{display:inline-block}<\/style>\t\t\t\t<p>La section des dons vous permet d&rsquo;apporter une contribution directe au bien-\u00eatre et \u00e0 la protection des animaux en Suisse.<br \/>\nVotre engagement est inestimable, car il soutient une multitude de projets qui ne seraient pas possibles sans votre aide.<br \/>\nIl s&rsquo;agit notamment de nos refuges pour rapaces et animaux sauvages, qui offrent un refuge aux animaux ayant un besoin urgent de soins et de protection.<br \/>\nDe m\u00eame, votre soutien contribue au fonctionnement de notre refuge pour animaux, qui offre un nouveau foyer aux animaux abandonn\u00e9s et en d\u00e9tresse, ainsi qu&rsquo;\u00e0 l&rsquo;entretien et \u00e0 la pr\u00e9servation de notre installation sp\u00e9cialis\u00e9e pour les tortues terrestres, qui se consacre au sauvetage et \u00e0 la protection de ces fascinantes cr\u00e9atures.   <\/p>\n<p>Dans la section Dons de notre site web, vous trouverez deux fa\u00e7ons principales d&rsquo;apporter votre contribution : Les dons directs et les legs\/donations fun\u00e9raires.<br \/>\nLes dons directs vous permettent d&rsquo;apporter une aide imm\u00e9diate et de soutenir les projets en cours et les besoins de nos prot\u00e9g\u00e9s.<br \/>\nLes legs ou les dons fun\u00e9raires, quant \u00e0 eux, offrent la possibilit\u00e9 de laisser un h\u00e9ritage durable qui permettra de promouvoir la protection des animaux de mani\u00e8re durable et de soutenir les g\u00e9n\u00e9rations futures d&rsquo;animaux.  <\/p>\n<p>Nous vous invitons \u00e0 faire partie de notre communaut\u00e9 et \u00e0 contribuer directement, par votre g\u00e9n\u00e9rosit\u00e9, au bien-\u00eatre et \u00e0 la protection des animaux dans le besoin.<br \/>\nChaque don, petit ou grand, fait une diff\u00e9rence et nous aide \u00e0 poursuivre notre mission.<br \/>\nEnsemble, nous pouvons cr\u00e9er un avenir meilleur pour les animaux dans le nord-ouest de la Suisse et au-del\u00e0.<br \/>\nN&rsquo;h\u00e9sitez pas \u00e0 nous contacter si vous avez des questions ou si vous souhaitez en savoir plus sur la mani\u00e8re dont votre don sera utilis\u00e9 pour obtenir un maximum de r\u00e9sultats.   <\/p>\n\t\t\t\t\t\t<\/div>\n\t\t\t\t<\/div>\n\t\t\t\t\t<\/div>\n\t\t<\/div>\n\t\t\t\t\t<\/div>\n\t\t<\/section>\n\t\t\t\t<section class=\"elementor-section elementor-top-section elementor-element elementor-element-eea6d05 elementor-section-boxed elementor-section-height-default elementor-section-height-default\" data-id=\"eea6d05\" data-element_type=\"section\">\n\t\t\t\t\t\t<div class=\"elementor-container elementor-column-gap-custom\">\n\t\t\t\t\t<div class=\"elementor-column elementor-col-50 elementor-top-column elementor-element elementor-element-c85dca5\" data-id=\"c85dca5\" data-element_type=\"column\">\n\t\t\t<div class=\"elementor-widget-wrap elementor-element-populated\">\n\t\t\t\t\t\t<div class=\"elementor-element elementor-element-ffbeb4a elementor-widget elementor-widget-image\" data-id=\"ffbeb4a\" data-element_type=\"widget\" data-widget_type=\"image.default\">\n\t\t\t\t<div class=\"elementor-widget-container\">\n\t\t\t<style>\/*! elementor - v3.23.0 - 05-08-2024 *\/\n.elementor-widget-image{text-align:center}.elementor-widget-image a{display:inline-block}.elementor-widget-image a img[src$=\".svg\"]{width:48px}.elementor-widget-image img{vertical-align:middle;display:inline-block}<\/style>\t\t\t\t\t\t\t<figure class=\"wp-caption\">\n\t\t\t\t\t\t\t\t\t\t\t<a href=\"https:\/\/tierschutznordwestschweiz.ch\/fr\/espace-dons-2\/dons\/\">\n\t\t\t\t\t\t\t<img fetchpriority=\"high\" decoding=\"async\" width=\"800\" height=\"800\" src=\"https:\/\/tierschutznordwestschweiz.ch\/wp-content\/uploads\/2024\/03\/SQ-Spenden.jpg\" class=\"attachment-large size-large wp-image-1205\" alt=\"\" srcset=\"https:\/\/tierschutznordwestschweiz.ch\/wp-content\/uploads\/2024\/03\/SQ-Spenden.jpg 1024w, https:\/\/tierschutznordwestschweiz.ch\/wp-content\/uploads\/2024\/03\/SQ-Spenden-300x300.jpg 300w, https:\/\/tierschutznordwestschweiz.ch\/wp-content\/uploads\/2024\/03\/SQ-Spenden-150x150.jpg 150w, https:\/\/tierschutznordwestschweiz.ch\/wp-content\/uploads\/2024\/03\/SQ-Spenden-768x768.jpg 768w\" sizes=\"(max-width: 800px) 100vw, 800px\" \/>\t\t\t\t\t\t\t\t<\/a>\n\t\t\t\t\t\t\t\t\t\t\t<figcaption class=\"widget-image-caption wp-caption-text\">Dons<\/figcaption>\n\t\t\t\t\t\t\t\t\t\t<\/figure>\n\t\t\t\t\t\t\t<\/div>\n\t\t\t\t<\/div>\n\t\t\t\t\t<\/div>\n\t\t<\/div>\n\t\t\t\t<div class=\"elementor-column elementor-col-50 elementor-top-column elementor-element elementor-element-5c74a3b\" data-id=\"5c74a3b\" data-element_type=\"column\">\n\t\t\t<div class=\"elementor-widget-wrap elementor-element-populated\">\n\t\t\t\t\t\t<div class=\"elementor-element elementor-element-2bdeaa1 elementor-widget elementor-widget-image\" data-id=\"2bdeaa1\" data-element_type=\"widget\" data-widget_type=\"image.default\">\n\t\t\t\t<div class=\"elementor-widget-container\">\n\t\t\t\t\t\t\t\t\t\t<figure class=\"wp-caption\">\n\t\t\t\t\t\t\t\t\t\t\t<a href=\"https:\/\/tierschutznordwestschweiz.ch\/fr\/espace-dons-2\/legs-dons-funeraires\/\">\n\t\t\t\t\t\t\t<img decoding=\"async\" width=\"800\" height=\"800\" src=\"https:\/\/tierschutznordwestschweiz.ch\/wp-content\/uploads\/2024\/03\/SQ-Legate.jpg\" class=\"attachment-large size-large wp-image-1204\" alt=\"\" srcset=\"https:\/\/tierschutznordwestschweiz.ch\/wp-content\/uploads\/2024\/03\/SQ-Legate.jpg 1024w, https:\/\/tierschutznordwestschweiz.ch\/wp-content\/uploads\/2024\/03\/SQ-Legate-300x300.jpg 300w, https:\/\/tierschutznordwestschweiz.ch\/wp-content\/uploads\/2024\/03\/SQ-Legate-150x150.jpg 150w, https:\/\/tierschutznordwestschweiz.ch\/wp-content\/uploads\/2024\/03\/SQ-Legate-768x768.jpg 768w\" sizes=\"(max-width: 800px) 100vw, 800px\" \/>\t\t\t\t\t\t\t\t<\/a>\n\t\t\t\t\t\t\t\t\t\t\t<figcaption class=\"widget-image-caption wp-caption-text\">Legs<\/figcaption>\n\t\t\t\t\t\t\t\t\t\t<\/figure>\n\t\t\t\t\t\t\t<\/div>\n\t\t\t\t<\/div>\n\t\t\t\t\t<\/div>\n\t\t<\/div>\n\t\t\t\t\t<\/div>\n\t\t<\/section>\n\t\t\t\t<\/div>\n\t\t","protected":false},"excerpt":{"rendered":"<p>Espace dons offiziell steuerbefreit Une aide qui arrive \u00e0 destination : pour les animaux du nord-ouest de la Suisse. La section des dons vous permet d&rsquo;apporter une contribution directe au bien-\u00eatre et \u00e0 la protection des animaux en Suisse. Votre engagement est inestimable, car il soutient une multitude de projets qui ne seraient pas possibles [&hellip;]<\/p>\n","protected":false},"author":1,"featured_media":0,"parent":0,"menu_order":0,"comment_status":"closed","ping_status":"closed","template":"elementor_header_footer","meta":{"footnotes":""},"class_list":["post-1927","page","type-page","status-publish","hentry"],"_links":{"self":[{"href":"https:\/\/tierschutznordwestschweiz.ch\/fr\/wp-json\/wp\/v2\/pages\/1927","targetHints":{"allow":["GET"]}}],"collection":[{"href":"https:\/\/tierschutznordwestschweiz.ch\/fr\/wp-json\/wp\/v2\/pages"}],"about":[{"href":"https:\/\/tierschutznordwestschweiz.ch\/fr\/wp-json\/wp\/v2\/types\/page"}],"author":[{"embeddable":true,"href":"https:\/\/tierschutznordwestschweiz.ch\/fr\/wp-json\/wp\/v2\/users\/1"}],"replies":[{"embeddable":true,"href":"https:\/\/tierschutznordwestschweiz.ch\/fr\/wp-json\/wp\/v2\/comments?post=1927"}],"version-history":[{"count":2,"href":"https:\/\/tierschutznordwestschweiz.ch\/fr\/wp-json\/wp\/v2\/pages\/1927\/revisions"}],"predecessor-version":[{"id":1932,"href":"https:\/\/tierschutznordwestschweiz.ch\/fr\/wp-json\/wp\/v2\/pages\/1927\/revisions\/1932"}],"wp:attachment":[{"href":"https:\/\/tierschutznordwestschweiz.ch\/fr\/wp-json\/wp\/v2\/media?parent=1927"}],"curies":[{"name":"wp","href":"https:\/\/api.w.org\/{rel}","templated":true}]}}