{"id":1918,"date":"2024-03-18T14:06:23","date_gmt":"2024-03-18T14:06:23","guid":{"rendered":"https:\/\/tierschutznordwestschweiz.ch\/legs-dons-funeraires\/"},"modified":"2024-08-16T11:49:57","modified_gmt":"2024-08-16T11:49:57","slug":"legs-dons-funeraires","status":"publish","type":"page","link":"https:\/\/tierschutznordwestschweiz.ch\/fr\/espace-dons-2\/legs-dons-funeraires\/","title":{"rendered":"Legs\/dons fun\u00e9raires"},"content":{"rendered":"\t\t<div data-elementor-type=\"wp-page\" data-elementor-id=\"1918\" class=\"elementor elementor-1918 elementor-1231\" data-elementor-post-type=\"page\">\n\t\t\t\t\t\t<section class=\"elementor-section elementor-top-section elementor-element elementor-element-248b5f28 elementor-section-height-min-height elementor-section-items-stretch elementor-section-content-middle elementor-section-boxed elementor-section-height-default\" data-id=\"248b5f28\" data-element_type=\"section\">\n\t\t\t\t\t\t<div class=\"elementor-container elementor-column-gap-no\">\n\t\t\t\t\t<div class=\"elementor-column elementor-col-100 elementor-top-column elementor-element elementor-element-609337f4\" data-id=\"609337f4\" data-element_type=\"column\">\n\t\t\t<div class=\"elementor-widget-wrap elementor-element-populated\">\n\t\t\t\t\t\t<div class=\"elementor-element elementor-element-2cdcb4cc animated-slow elementor-invisible elementor-widget elementor-widget-heading\" data-id=\"2cdcb4cc\" data-element_type=\"widget\" data-settings=\"{&quot;_animation&quot;:&quot;fadeIn&quot;}\" data-widget_type=\"heading.default\">\n\t\t\t\t<div class=\"elementor-widget-container\">\n\t\t\t<style>\/*! elementor - v3.23.0 - 05-08-2024 *\/\n.elementor-heading-title{padding:0;margin:0;line-height:1}.elementor-widget-heading .elementor-heading-title[class*=elementor-size-]>a{color:inherit;font-size:inherit;line-height:inherit}.elementor-widget-heading .elementor-heading-title.elementor-size-small{font-size:15px}.elementor-widget-heading .elementor-heading-title.elementor-size-medium{font-size:19px}.elementor-widget-heading .elementor-heading-title.elementor-size-large{font-size:29px}.elementor-widget-heading .elementor-heading-title.elementor-size-xl{font-size:39px}.elementor-widget-heading .elementor-heading-title.elementor-size-xxl{font-size:59px}<\/style><h1 class=\"elementor-heading-title elementor-size-default\">Legs<\/h1>\t\t<\/div>\n\t\t\t\t<\/div>\n\t\t\t\t\t<\/div>\n\t\t<\/div>\n\t\t\t\t\t<\/div>\n\t\t<\/section>\n\t\t\t\t<section class=\"elementor-section elementor-top-section elementor-element elementor-element-d74fa32 elementor-section-boxed elementor-section-height-default elementor-section-height-default\" data-id=\"d74fa32\" data-element_type=\"section\">\n\t\t\t\t\t\t<div class=\"elementor-container elementor-column-gap-default\">\n\t\t\t\t\t<div class=\"elementor-column elementor-col-100 elementor-top-column elementor-element elementor-element-96d5769\" data-id=\"96d5769\" data-element_type=\"column\">\n\t\t\t<div class=\"elementor-widget-wrap elementor-element-populated\">\n\t\t\t\t\t\t<div class=\"elementor-element elementor-element-701ffc1 elementor-widget elementor-widget-heading\" data-id=\"701ffc1\" data-element_type=\"widget\" data-widget_type=\"heading.default\">\n\t\t\t\t<div class=\"elementor-widget-container\">\n\t\t\t<h2 class=\"elementor-heading-title elementor-size-default\">Trois fa\u00e7ons de soutenir l'association Tierschutz Nordwestschweiz dans votre testament :<\/h2>\t\t<\/div>\n\t\t\t\t<\/div>\n\t\t\t\t<div class=\"elementor-element elementor-element-da9a6d4 elementor-widget elementor-widget-text-editor\" data-id=\"da9a6d4\" data-element_type=\"widget\" data-widget_type=\"text-editor.default\">\n\t\t\t\t<div class=\"elementor-widget-container\">\n\t\t\t<style>\/*! elementor - v3.23.0 - 05-08-2024 *\/\n.elementor-widget-text-editor.elementor-drop-cap-view-stacked .elementor-drop-cap{background-color:#69727d;color:#fff}.elementor-widget-text-editor.elementor-drop-cap-view-framed .elementor-drop-cap{color:#69727d;border:3px solid;background-color:transparent}.elementor-widget-text-editor:not(.elementor-drop-cap-view-default) .elementor-drop-cap{margin-top:8px}.elementor-widget-text-editor:not(.elementor-drop-cap-view-default) .elementor-drop-cap-letter{width:1em;height:1em}.elementor-widget-text-editor .elementor-drop-cap{float:left;text-align:center;line-height:1;font-size:50px}.elementor-widget-text-editor .elementor-drop-cap-letter{display:inline-block}<\/style>\t\t\t\t<p><strong>1. l&rsquo;institution d&rsquo;h\u00e9ritiers :<\/strong><br>Votre famille et vos proches parents &#8211; tels que votre conjoint, vos enfants et vos parents &#8211; ont droit, conform\u00e9ment \u00e0 la loi suisse, \u00e0 une part r\u00e9servataire de votre succession.\nVous pouvez l\u00e9guer librement la partie restante de votre patrimoine.\nDans ce cas, il est judicieux de d\u00e9signer l&rsquo;association Tierschutz Nordwestschweiz comme coh\u00e9ritier afin de soutenir nos projets de protection des animaux \u00e0 long terme.\nS&rsquo;il n&rsquo;y a pas d&rsquo;h\u00e9ritiers r\u00e9servataires, vous pouvez \u00e9galement d\u00e9signer l&rsquo;association comme unique h\u00e9ritier.   <\/p><p><br><\/p>\n<p><strong>2. legs :<\/strong><br>Un legs vous permet d&rsquo;attribuer \u00e0 l&rsquo;association Tierschutz Nordwestschweiz un certain montant ou des biens mat\u00e9riels provenant de votre succession.\nDans ce cas, l&rsquo;association ne devient pas un h\u00e9ritier, mais obtient un droit sur la valeur patrimoniale attribu\u00e9e vis-\u00e0-vis des h\u00e9ritiers.\nDans ce cas \u00e9galement, il convient de tenir compte de la r\u00e9serve l\u00e9gale de vos proches.  <\/p>\n<p>Nous utilisons par exemple les fonds provenant de legs pour le fonctionnement de nos centres d&rsquo;accueil, du refuge ou pour les soins des animaux qui nous sont confi\u00e9s.<\/p><p><br><\/p>\n<p><strong>3. d\u00e9signation de b\u00e9n\u00e9ficiaires par des assurances :<\/strong><br>Certains contrats d&rsquo;assurance vous permettent de d\u00e9signer vous-m\u00eame le b\u00e9n\u00e9ficiaire en cas de d\u00e9c\u00e8s.\nEn d\u00e9signant l&rsquo;association Tierschutz Nordwestschweiz comme b\u00e9n\u00e9ficiaire, vous pouvez ainsi nous soutenir directement.\nNous vous recommandons de contacter directement votre assureur \u00e0 ce sujet afin d&rsquo;adapter votre contrat en cons\u00e9quence.  <\/p>\t\t\t\t\t\t<\/div>\n\t\t\t\t<\/div>\n\t\t\t\t\t<\/div>\n\t\t<\/div>\n\t\t\t\t\t<\/div>\n\t\t<\/section>\n\t\t\t\t<section class=\"elementor-section elementor-top-section elementor-element elementor-element-3d2bca0e elementor-section-boxed elementor-section-height-default elementor-section-height-default\" data-id=\"3d2bca0e\" data-element_type=\"section\">\n\t\t\t\t\t\t<div class=\"elementor-container elementor-column-gap-default\">\n\t\t\t\t\t<div class=\"elementor-column elementor-col-100 elementor-top-column elementor-element elementor-element-5140e641\" data-id=\"5140e641\" data-element_type=\"column\" data-settings=\"{&quot;background_background&quot;:&quot;classic&quot;}\">\n\t\t\t<div class=\"elementor-widget-wrap elementor-element-populated\">\n\t\t\t\t\t\t<div class=\"elementor-element elementor-element-49d76387 elementor-position-left elementor-view-default elementor-mobile-position-top elementor-vertical-align-top elementor-widget elementor-widget-icon-box\" data-id=\"49d76387\" data-element_type=\"widget\" data-widget_type=\"icon-box.default\">\n\t\t\t\t<div class=\"elementor-widget-container\">\n\t\t\t<link rel=\"stylesheet\" href=\"https:\/\/tierschutznordwestschweiz.ch\/wp-content\/plugins\/elementor\/assets\/css\/widget-icon-box.min.css\">\t\t<div class=\"elementor-icon-box-wrapper\">\n\n\t\t\t\t\t\t<div class=\"elementor-icon-box-icon\">\n\t\t\t\t<span  class=\"elementor-icon elementor-animation-\">\n\t\t\t\t<i aria-hidden=\"true\" class=\"fas fa-info-circle\"><\/i>\t\t\t\t<\/span>\n\t\t\t<\/div>\n\t\t\t\n\t\t\t\t\t\t<div class=\"elementor-icon-box-content\">\n\n\t\t\t\t\t\t\t\t\t<h3 class=\"elementor-icon-box-title\">\n\t\t\t\t\t\t<span  >\n\t\t\t\t\t\t\tFormulations importantes pour votre testament\t\t\t\t\t\t<\/span>\n\t\t\t\t\t<\/h3>\n\t\t\t\t\n\t\t\t\t\t\t\t\t\t<p class=\"elementor-icon-box-description\">\n\t\t\t\t\t\tPour soutenir de mani\u00e8re cibl\u00e9e l'association Tierschutz Nordwestschweiz, les formulations suivantes peuvent \u00eatre utiles :<br><br>\n<ul style=\"color: #F6EEEE;\">\n  <li>Nommer l'association comme coh\u00e9ritier : \"Apr\u00e8s le paiement de toutes les parts obligatoires l\u00e9gales, le reste de la succession doit \u00eatre r\u00e9parti comme suit : 50% \u00e0 [Name einer Person], 50% \u00e0 l'association Tierschutz Nordwestschweiz\".<\/li>\n  <li>D\u00e9signer l'association comme unique h\u00e9ritier : \"Je d\u00e9signe l'association Tierschutz Nordwestschweiz comme unique h\u00e9ritier de l'ensemble de ma succession\".<\/li>\n  <li>D\u00e9finir un legs en faveur de l'association : \"De ma succession, un montant de 10 000 CHF doit \u00eatre vers\u00e9 \u00e0 l'association Tierschutz Nordwestschweiz \u00e0 titre de legs pr\u00e9alable\".<\/li>\n  <li>Pour vous assurer que votre testament le plus r\u00e9cent est valide, il est recommand\u00e9 d'ajouter la clause suivante : \"Par la pr\u00e9sente, j'annule toutes les dispositions ant\u00e9rieures\".<\/li>\n<\/ul>\n\t\t\t\t\t<\/p>\n\t\t\t\t\n\t\t\t<\/div>\n\t\t\t\n\t\t<\/div>\n\t\t\t\t<\/div>\n\t\t\t\t<\/div>\n\t\t\t\t\t<\/div>\n\t\t<\/div>\n\t\t\t\t\t<\/div>\n\t\t<\/section>\n\t\t\t\t<section class=\"elementor-section elementor-top-section elementor-element elementor-element-f9499e8 elementor-section-boxed elementor-section-height-default elementor-section-height-default\" data-id=\"f9499e8\" data-element_type=\"section\">\n\t\t\t\t\t\t<div class=\"elementor-container elementor-column-gap-default\">\n\t\t\t\t\t<div class=\"elementor-column elementor-col-100 elementor-top-column elementor-element elementor-element-fcf6ff1\" data-id=\"fcf6ff1\" data-element_type=\"column\">\n\t\t\t<div class=\"elementor-widget-wrap elementor-element-populated\">\n\t\t\t\t\t\t<div class=\"elementor-element elementor-element-8fd3491 elementor-widget elementor-widget-heading\" data-id=\"8fd3491\" data-element_type=\"widget\" data-widget_type=\"heading.default\">\n\t\t\t\t<div class=\"elementor-widget-container\">\n\t\t\t<h2 class=\"elementor-heading-title elementor-size-default\">R\u00e9sum\u00e9 et informations juridiques :<\/h2>\t\t<\/div>\n\t\t\t\t<\/div>\n\t\t\t\t<div class=\"elementor-element elementor-element-53945c4 elementor-widget elementor-widget-text-editor\" data-id=\"53945c4\" data-element_type=\"widget\" data-widget_type=\"text-editor.default\">\n\t\t\t\t<div class=\"elementor-widget-container\">\n\t\t\t\t\t\t\t<p>Votre testament doit \u00eatre r\u00e9dig\u00e9 \u00e0 la main et \u00e9crit de votre main du d\u00e9but \u00e0 la fin (y compris le lieu et la date).<br \/>\nIl doit \u00eatre clairement identifi\u00e9 comme \u00ab\u00a0testament\u00a0\u00bb ou \u00ab\u00a0dispositions de derni\u00e8res volont\u00e9s\u00a0\u00bb et contenir votre nom complet ainsi que votre date de naissance.<br \/>\nN&rsquo;oubliez pas d&rsquo;indiquer le lieu, la date et votre signature sur le testament.  <\/p>\n<p>En d\u00e9cidant d&rsquo;inclure l&rsquo;association Tierschutz Nordwestschweiz dans votre testament, vous apportez une contribution indispensable \u00e0 la protection des animaux et vous nous aidez \u00e0 poursuivre notre mission \u00e0 l&rsquo;avenir.<br \/>\nN&rsquo;h\u00e9sitez pas \u00e0 nous contacter pour toute question ou aide \u00e0 la r\u00e9daction. <\/p>\n\t\t\t\t\t\t<\/div>\n\t\t\t\t<\/div>\n\t\t\t\t\t<\/div>\n\t\t<\/div>\n\t\t\t\t\t<\/div>\n\t\t<\/section>\n\t\t\t\t<section class=\"elementor-section elementor-top-section elementor-element elementor-element-519d1fd elementor-section-boxed elementor-section-height-default elementor-section-height-default\" data-id=\"519d1fd\" data-element_type=\"section\">\n\t\t\t\t\t\t<div class=\"elementor-container elementor-column-gap-default\">\n\t\t\t\t\t<div class=\"elementor-column elementor-col-100 elementor-top-column elementor-element elementor-element-d513b9e\" data-id=\"d513b9e\" data-element_type=\"column\">\n\t\t\t<div class=\"elementor-widget-wrap elementor-element-populated\">\n\t\t\t\t\t\t<div class=\"elementor-element elementor-element-3ce591c elementor-widget-divider--view-line elementor-widget elementor-widget-divider\" data-id=\"3ce591c\" data-element_type=\"widget\" data-widget_type=\"divider.default\">\n\t\t\t\t<div class=\"elementor-widget-container\">\n\t\t\t<style>\/*! elementor - v3.23.0 - 05-08-2024 *\/\n.elementor-widget-divider{--divider-border-style:none;--divider-border-width:1px;--divider-color:#0c0d0e;--divider-icon-size:20px;--divider-element-spacing:10px;--divider-pattern-height:24px;--divider-pattern-size:20px;--divider-pattern-url:none;--divider-pattern-repeat:repeat-x}.elementor-widget-divider .elementor-divider{display:flex}.elementor-widget-divider .elementor-divider__text{font-size:15px;line-height:1;max-width:95%}.elementor-widget-divider .elementor-divider__element{margin:0 var(--divider-element-spacing);flex-shrink:0}.elementor-widget-divider .elementor-icon{font-size:var(--divider-icon-size)}.elementor-widget-divider .elementor-divider-separator{display:flex;margin:0;direction:ltr}.elementor-widget-divider--view-line_icon .elementor-divider-separator,.elementor-widget-divider--view-line_text .elementor-divider-separator{align-items:center}.elementor-widget-divider--view-line_icon .elementor-divider-separator:after,.elementor-widget-divider--view-line_icon .elementor-divider-separator:before,.elementor-widget-divider--view-line_text .elementor-divider-separator:after,.elementor-widget-divider--view-line_text .elementor-divider-separator:before{display:block;content:\"\";border-block-end:0;flex-grow:1;border-block-start:var(--divider-border-width) var(--divider-border-style) var(--divider-color)}.elementor-widget-divider--element-align-left .elementor-divider .elementor-divider-separator>.elementor-divider__svg:first-of-type{flex-grow:0;flex-shrink:100}.elementor-widget-divider--element-align-left .elementor-divider-separator:before{content:none}.elementor-widget-divider--element-align-left .elementor-divider__element{margin-left:0}.elementor-widget-divider--element-align-right .elementor-divider .elementor-divider-separator>.elementor-divider__svg:last-of-type{flex-grow:0;flex-shrink:100}.elementor-widget-divider--element-align-right .elementor-divider-separator:after{content:none}.elementor-widget-divider--element-align-right .elementor-divider__element{margin-right:0}.elementor-widget-divider--element-align-start .elementor-divider .elementor-divider-separator>.elementor-divider__svg:first-of-type{flex-grow:0;flex-shrink:100}.elementor-widget-divider--element-align-start .elementor-divider-separator:before{content:none}.elementor-widget-divider--element-align-start .elementor-divider__element{margin-inline-start:0}.elementor-widget-divider--element-align-end .elementor-divider .elementor-divider-separator>.elementor-divider__svg:last-of-type{flex-grow:0;flex-shrink:100}.elementor-widget-divider--element-align-end .elementor-divider-separator:after{content:none}.elementor-widget-divider--element-align-end .elementor-divider__element{margin-inline-end:0}.elementor-widget-divider:not(.elementor-widget-divider--view-line_text):not(.elementor-widget-divider--view-line_icon) .elementor-divider-separator{border-block-start:var(--divider-border-width) var(--divider-border-style) var(--divider-color)}.elementor-widget-divider--separator-type-pattern{--divider-border-style:none}.elementor-widget-divider--separator-type-pattern.elementor-widget-divider--view-line .elementor-divider-separator,.elementor-widget-divider--separator-type-pattern:not(.elementor-widget-divider--view-line) .elementor-divider-separator:after,.elementor-widget-divider--separator-type-pattern:not(.elementor-widget-divider--view-line) .elementor-divider-separator:before,.elementor-widget-divider--separator-type-pattern:not([class*=elementor-widget-divider--view]) .elementor-divider-separator{width:100%;min-height:var(--divider-pattern-height);-webkit-mask-size:var(--divider-pattern-size) 100%;mask-size:var(--divider-pattern-size) 100%;-webkit-mask-repeat:var(--divider-pattern-repeat);mask-repeat:var(--divider-pattern-repeat);background-color:var(--divider-color);-webkit-mask-image:var(--divider-pattern-url);mask-image:var(--divider-pattern-url)}.elementor-widget-divider--no-spacing{--divider-pattern-size:auto}.elementor-widget-divider--bg-round{--divider-pattern-repeat:round}.rtl .elementor-widget-divider .elementor-divider__text{direction:rtl}.e-con-inner>.elementor-widget-divider,.e-con>.elementor-widget-divider{width:var(--container-widget-width,100%);--flex-grow:var(--container-widget-flex-grow)}<\/style>\t\t<div class=\"elementor-divider\">\n\t\t\t<span class=\"elementor-divider-separator\">\n\t\t\t\t\t\t<\/span>\n\t\t<\/div>\n\t\t\t\t<\/div>\n\t\t\t\t<\/div>\n\t\t\t\t\t<\/div>\n\t\t<\/div>\n\t\t\t\t\t<\/div>\n\t\t<\/section>\n\t\t\t\t<section class=\"elementor-section elementor-top-section elementor-element elementor-element-c314722 elementor-section-boxed elementor-section-height-default elementor-section-height-default\" data-id=\"c314722\" data-element_type=\"section\">\n\t\t\t\t\t\t<div class=\"elementor-container elementor-column-gap-default\">\n\t\t\t\t\t<div class=\"elementor-column elementor-col-100 elementor-top-column elementor-element elementor-element-430d528\" data-id=\"430d528\" data-element_type=\"column\">\n\t\t\t<div class=\"elementor-widget-wrap elementor-element-populated\">\n\t\t\t\t\t\t<div class=\"elementor-element elementor-element-74576de elementor-widget elementor-widget-heading\" data-id=\"74576de\" data-element_type=\"widget\" data-widget_type=\"heading.default\">\n\t\t\t\t<div class=\"elementor-widget-container\">\n\t\t\t<h2 class=\"elementor-heading-title elementor-size-default\">Plus d'informations et d'aide<\/h2>\t\t<\/div>\n\t\t\t\t<\/div>\n\t\t\t\t<div class=\"elementor-element elementor-element-a14ae72 elementor-widget elementor-widget-text-editor\" data-id=\"a14ae72\" data-element_type=\"widget\" data-widget_type=\"text-editor.default\">\n\t\t\t\t<div class=\"elementor-widget-container\">\n\t\t\t\t\t\t\t<p>La d\u00e9cision de soutenir l&rsquo;association Tierschutz Nordwestschweiz dans votre testament ou par un legs est un signe fort de votre confiance et de votre espoir dans l&rsquo;avenir de la protection des animaux.<br \/>\nGr\u00e2ce \u00e0 votre aide, nous pourrons continuer \u00e0 venir en aide aux animaux en d\u00e9tresse, \u00e0 les r\u00e9habiliter et \u00e0 veiller \u00e0 la pr\u00e9servation de leur habitat naturel. <\/p>\n<p>DeinAdieu.ch propose des guides complets et des conseils professionnels pour vous aider \u00e0 rendre le processus de r\u00e9daction d&rsquo;un testament ou d&rsquo;un legs aussi simple et compr\u00e9hensible que possible.<br \/>\nQue vous soyez d\u00e9j\u00e0 familier avec le sujet ou que vous l&rsquo;abordiez pour la premi\u00e8re fois, les ressources mises \u00e0 disposition sur notre site vous aideront \u00e0 \u00e9laborer un plan clair et juridiquement valable.<br \/>\nVous pourrez ainsi vous assurer que votre souhait de soutenir le travail de notre association de mani\u00e8re permanente sera respect\u00e9.  <\/p>\n<p>Nous vous invitons \u00e0 prendre le temps d&rsquo;explorer les informations fournies sur votreAdieu.ch.<br \/>\nR\u00e9fl\u00e9chissez \u00e0 l&rsquo;impact \u00e0 long terme que vous souhaitez avoir sur la protection et les soins des animaux dans le besoin.<br \/>\nVotre h\u00e9ritage peut avoir un impact positif et durable sur la vie de nombreux animaux.  <\/p>\n<p>N&rsquo;h\u00e9sitez pas \u00e0 nous contacter si vous avez des questions ou si vous souhaitez de plus amples informations.<br \/>\nN&rsquo;h\u00e9sitez pas \u00e0 nous contacter.<br \/>\nNous avons \u00e0 c\u0153ur d&rsquo;\u00eatre \u00e0 vos c\u00f4t\u00e9s et de r\u00e9pondre \u00e0 toutes les questions en suspens.  <\/p>\n\t\t\t\t\t\t<\/div>\n\t\t\t\t<\/div>\n\t\t\t\t\t<\/div>\n\t\t<\/div>\n\t\t\t\t\t<\/div>\n\t\t<\/section>\n\t\t\t\t<\/div>\n\t\t","protected":false},"excerpt":{"rendered":"<p>Legs Trois fa\u00e7ons de soutenir l&rsquo;association Tierschutz Nordwestschweiz dans votre testament : 1. l&rsquo;institution d&rsquo;h\u00e9ritiers :Votre famille et vos proches parents &#8211; tels que votre conjoint, vos enfants et vos parents &#8211; ont droit, conform\u00e9ment \u00e0 la loi suisse, \u00e0 une part r\u00e9servataire de votre succession. Vous pouvez l\u00e9guer librement la partie restante de votre [&hellip;]<\/p>\n","protected":false},"author":1,"featured_media":0,"parent":1927,"menu_order":0,"comment_status":"closed","ping_status":"closed","template":"elementor_header_footer","meta":{"footnotes":""},"class_list":["post-1918","page","type-page","status-publish","hentry"],"_links":{"self":[{"href":"https:\/\/tierschutznordwestschweiz.ch\/fr\/wp-json\/wp\/v2\/pages\/1918","targetHints":{"allow":["GET"]}}],"collection":[{"href":"https:\/\/tierschutznordwestschweiz.ch\/fr\/wp-json\/wp\/v2\/pages"}],"about":[{"href":"https:\/\/tierschutznordwestschweiz.ch\/fr\/wp-json\/wp\/v2\/types\/page"}],"author":[{"embeddable":true,"href":"https:\/\/tierschutznordwestschweiz.ch\/fr\/wp-json\/wp\/v2\/users\/1"}],"replies":[{"embeddable":true,"href":"https:\/\/tierschutznordwestschweiz.ch\/fr\/wp-json\/wp\/v2\/comments?post=1918"}],"version-history":[{"count":2,"href":"https:\/\/tierschutznordwestschweiz.ch\/fr\/wp-json\/wp\/v2\/pages\/1918\/revisions"}],"predecessor-version":[{"id":1923,"href":"https:\/\/tierschutznordwestschweiz.ch\/fr\/wp-json\/wp\/v2\/pages\/1918\/revisions\/1923"}],"up":[{"embeddable":true,"href":"https:\/\/tierschutznordwestschweiz.ch\/fr\/wp-json\/wp\/v2\/pages\/1927"}],"wp:attachment":[{"href":"https:\/\/tierschutznordwestschweiz.ch\/fr\/wp-json\/wp\/v2\/media?parent=1918"}],"curies":[{"name":"wp","href":"https:\/\/api.w.org\/{rel}","templated":true}]}}